{"id":7005,"date":"2022-04-01T14:28:30","date_gmt":"2022-04-01T14:28:30","guid":{"rendered":"https:\/\/resilienceconference.cip.org.pe\/?page_id=7005"},"modified":"2022-04-01T14:38:49","modified_gmt":"2022-04-01T14:38:49","slug":"sobre","status":"publish","type":"page","link":"https:\/\/resilienceconference.cip.org.pe\/?page_id=7005&lang=es","title":{"rendered":"Sobre"},"content":{"rendered":"\t\t<div data-elementor-type=\"wp-post\" data-elementor-id=\"7005\" class=\"elementor elementor-7005\">\n\t\t\t\t\t\t\t\t\t<section class=\"elementor-section elementor-top-section elementor-element elementor-element-7d08243 elementor-section-full_width elementor-section-height-default elementor-section-height-default\" data-id=\"7d08243\" data-element_type=\"section\">\n\t\t\t\t\t\t<div class=\"elementor-container elementor-column-gap-no\">\n\t\t\t\t\t<div class=\"elementor-column elementor-col-100 elementor-top-column elementor-element elementor-element-5feadc9\" data-id=\"5feadc9\" data-element_type=\"column\">\n\t\t\t<div class=\"elementor-widget-wrap elementor-element-populated\">\n\t\t\t\t\t\t\t\t<div class=\"elementor-element elementor-element-1583c26 elementor-widget elementor-widget-ova_slideshow\" data-id=\"1583c26\" data-element_type=\"widget\" data-widget_type=\"ova_slideshow.default\">\n\t\t\t\t<div class=\"elementor-widget-container\">\n\t\t\t\t\t<div class=\"ova_slideshow elementor-slides-wrapper dots_style \" dir=\"ltr\">\n\t\t\t<div class=\"elementor-slides owl-carousel owl-theme owl-loaded arrows-inside arrows-show-always dots-bottom animated owl-animated-out owl-animated-in\" data-owl_carousel=\"{&quot;items&quot;:1,&quot;singleItem&quot;:1,&quot;autoplayTimeout&quot;:10000,&quot;autoplay&quot;:false,&quot;loop&quot;:false,&quot;nav&quot;:true,&quot;dots&quot;:true,&quot;rtl&quot;:false,&quot;dotsClass&quot;:&quot;owl-dots&quot;,&quot;mouseDrag&quot;:false,&quot;navText&quot;:[&quot;&lt;i class=\\&quot;ti-angle-left\\&quot;&gt;&lt;\\\/i&gt;&quot;,&quot;&lt;i class=\\&quot;ti-angle-right\\&quot;&gt;&lt;\\\/i&gt;&quot;]}\">\n\t\t\t\t<div class=\" elementor-repeater-item-741fb1a items\" data-dot=\" <div>Slide 1<\/div> <button><span><\/span><\/button>\"><div class=\" slide-bg\" ><\/div>\n\t\t\t<div class=\"slide-inner\"><div class=\"container\"><div class=\"row\"><div class=\"elementor-slide-content\"><div class=\"second_font elementor-slide-subtitle\"><span class=\"second_font elementor-slide-date\"><i class=\"ti-alarm-clock\"><\/i>Jueves 05 Mayo 2022, 7:30 am, hora de New York<\/span><span class=\"second_font elementor-slide-location\"><i class=\"ti-location-pin\"><\/i>Evento Virtual <\/span><\/div><div class=\"second_font elementor-slide-title \">CONFERENCIA<\/div><div class=\"elementor-slide-description\">INGENIER\u00cdA Y RESILIENCIA EN LA GESTI\u00d3N DEL RIESGO DE DESASTRES PARA EL DESARROLLO SOSTENIBLE<\/div><a href=\"https:\/\/resilienceconference.cip.org.pe\/\" class=\"elementor-slide-button style_2\"><\/a><\/div><\/div><\/div><\/div><\/div>\t\t\t<\/div>\n\t\t<\/div>\n\t\t\t\t<\/div>\n\t\t\t\t<\/div>\n\t\t\t\t\t<\/div>\n\t\t<\/div>\n\t\t\t\t\t\t\t<\/div>\n\t\t<\/section>\n\t\t\t\t<section class=\"elementor-section elementor-top-section elementor-element elementor-element-cb175e6 elementor-section-boxed elementor-section-height-default elementor-section-height-default\" data-id=\"cb175e6\" data-element_type=\"section\">\n\t\t\t\t\t\t<div class=\"elementor-container elementor-column-gap-default\">\n\t\t\t\t\t<div class=\"elementor-column elementor-col-100 elementor-top-column elementor-element elementor-element-9d6f21b\" data-id=\"9d6f21b\" data-element_type=\"column\">\n\t\t\t<div class=\"elementor-widget-wrap elementor-element-populated\">\n\t\t\t\t\t\t\t\t<div class=\"elementor-element elementor-element-3385e4c elementor-widget elementor-widget-ova_time_countdown\" data-id=\"3385e4c\" data-element_type=\"widget\" data-widget_type=\"ova_time_countdown.default\">\n\t\t\t\t<div class=\"elementor-widget-container\">\n\t\t\t\t\t<div class=\"ova_time_countdown\">\n\t\t\t<div class=\"due_date\" data-day=\"2022-05-05 09:13\"><\/div>\n\t\t<\/div>\n\t\t\t\t<\/div>\n\t\t\t\t<\/div>\n\t\t\t\t\t<\/div>\n\t\t<\/div>\n\t\t\t\t\t\t\t<\/div>\n\t\t<\/section>\n\t\t\t\t<section class=\"elementor-section elementor-top-section elementor-element elementor-element-639a0bb elementor-section-boxed elementor-section-height-default elementor-section-height-default\" data-id=\"639a0bb\" data-element_type=\"section\">\n\t\t\t\t\t\t<div class=\"elementor-container elementor-column-gap-narrow\">\n\t\t\t\t\t<div class=\"elementor-column elementor-col-100 elementor-top-column elementor-element elementor-element-56c81c8\" data-id=\"56c81c8\" data-element_type=\"column\">\n\t\t\t<div class=\"elementor-widget-wrap elementor-element-populated\">\n\t\t\t\t\t\t\t\t<section class=\"elementor-section elementor-inner-section elementor-element elementor-element-4b6cf8f elementor-section-boxed elementor-section-height-default elementor-section-height-default\" data-id=\"4b6cf8f\" data-element_type=\"section\">\n\t\t\t\t\t\t<div class=\"elementor-container elementor-column-gap-default\">\n\t\t\t\t\t<div class=\"elementor-column elementor-col-16 elementor-inner-column elementor-element elementor-element-700538d\" data-id=\"700538d\" data-element_type=\"column\">\n\t\t\t<div class=\"elementor-widget-wrap elementor-element-populated\">\n\t\t\t\t\t\t\t\t<div class=\"elementor-element elementor-element-02727e7 elementor-widget elementor-widget-image\" data-id=\"02727e7\" data-element_type=\"widget\" data-widget_type=\"image.default\">\n\t\t\t\t<div class=\"elementor-widget-container\">\n\t\t\t<style>\/*! elementor - v3.6.1 - 23-03-2022 *\/\n.elementor-widget-image{text-align:center}.elementor-widget-image a{display:inline-block}.elementor-widget-image a img[src$=\".svg\"]{width:48px}.elementor-widget-image img{vertical-align:middle;display:inline-block}<\/style>\t\t\t\t\t\t\t\t\t\t\t\t\t<a href=\"http:\/\/www.wfeo.org\/\" target=\"_blank\">\n\t\t\t\t\t\t\t<img loading=\"lazy\" decoding=\"async\" width=\"1500\" height=\"299\" src=\"https:\/\/resilienceconference.cip.org.pe\/wp-content\/uploads\/2022\/03\/WFEO-on-white-background.jpg\" class=\"attachment-full size-full\" alt=\"\" srcset=\"https:\/\/resilienceconference.cip.org.pe\/wp-content\/uploads\/2022\/03\/WFEO-on-white-background.jpg 1500w, https:\/\/resilienceconference.cip.org.pe\/wp-content\/uploads\/2022\/03\/WFEO-on-white-background-300x60.jpg 300w, https:\/\/resilienceconference.cip.org.pe\/wp-content\/uploads\/2022\/03\/WFEO-on-white-background-1024x204.jpg 1024w, https:\/\/resilienceconference.cip.org.pe\/wp-content\/uploads\/2022\/03\/WFEO-on-white-background-768x153.jpg 768w\" sizes=\"(max-width: 1500px) 100vw, 1500px\" \/>\t\t\t\t\t\t\t\t<\/a>\n\t\t\t\t\t\t\t\t\t\t\t\t\t\t\t<\/div>\n\t\t\t\t<\/div>\n\t\t\t\t\t<\/div>\n\t\t<\/div>\n\t\t\t\t<div class=\"elementor-column elementor-col-16 elementor-inner-column elementor-element elementor-element-da2f255\" data-id=\"da2f255\" data-element_type=\"column\">\n\t\t\t<div class=\"elementor-widget-wrap elementor-element-populated\">\n\t\t\t\t\t\t\t\t<div class=\"elementor-element elementor-element-dd69e40 elementor-widget elementor-widget-image\" data-id=\"dd69e40\" data-element_type=\"widget\" data-widget_type=\"image.default\">\n\t\t\t\t<div class=\"elementor-widget-container\">\n\t\t\t\t\t\t\t\t\t\t\t\t\t\t\t\t<a href=\"http:\/\/www.wfeo.org\/committee-disaster-risk-management\/\" target=\"_blank\">\n\t\t\t\t\t\t\t<img loading=\"lazy\" decoding=\"async\" width=\"225\" height=\"225\" src=\"https:\/\/resilienceconference.cip.org.pe\/wp-content\/uploads\/2019\/05\/wfeo-cdrm.jpg\" class=\"attachment-full size-full\" alt=\"\" srcset=\"https:\/\/resilienceconference.cip.org.pe\/wp-content\/uploads\/2019\/05\/wfeo-cdrm.jpg 225w, https:\/\/resilienceconference.cip.org.pe\/wp-content\/uploads\/2019\/05\/wfeo-cdrm-150x150.jpg 150w, https:\/\/resilienceconference.cip.org.pe\/wp-content\/uploads\/2019\/05\/wfeo-cdrm-200x200.jpg 200w\" sizes=\"(max-width: 225px) 100vw, 225px\" \/>\t\t\t\t\t\t\t\t<\/a>\n\t\t\t\t\t\t\t\t\t\t\t\t\t\t\t<\/div>\n\t\t\t\t<\/div>\n\t\t\t\t\t<\/div>\n\t\t<\/div>\n\t\t\t\t<div class=\"elementor-column elementor-col-16 elementor-inner-column elementor-element elementor-element-05dc440\" data-id=\"05dc440\" data-element_type=\"column\">\n\t\t\t<div class=\"elementor-widget-wrap elementor-element-populated\">\n\t\t\t\t\t\t\t\t<div class=\"elementor-element elementor-element-d6a6c41 elementor-widget elementor-widget-image\" data-id=\"d6a6c41\" data-element_type=\"widget\" data-widget_type=\"image.default\">\n\t\t\t\t<div class=\"elementor-widget-container\">\n\t\t\t\t\t\t\t\t\t\t\t\t\t\t\t\t<a href=\"https:\/\/www.cip.org.pe\/\" target=\"_blank\">\n\t\t\t\t\t\t\t<img decoding=\"async\" src=\"https:\/\/resilienceconference.cip.org.pe\/wp-content\/uploads\/2019\/05\/cip.png\" title=\"cip\" alt=\"cip\" \/>\t\t\t\t\t\t\t\t<\/a>\n\t\t\t\t\t\t\t\t\t\t\t\t\t\t\t<\/div>\n\t\t\t\t<\/div>\n\t\t\t\t\t<\/div>\n\t\t<\/div>\n\t\t\t\t<div class=\"elementor-column elementor-col-16 elementor-inner-column elementor-element elementor-element-220d5be\" data-id=\"220d5be\" data-element_type=\"column\">\n\t\t\t<div class=\"elementor-widget-wrap elementor-element-populated\">\n\t\t\t\t\t\t\t\t<div class=\"elementor-element elementor-element-f1a25c0 elementor-widget elementor-widget-image\" data-id=\"f1a25c0\" data-element_type=\"widget\" data-widget_type=\"image.default\">\n\t\t\t\t<div class=\"elementor-widget-container\">\n\t\t\t\t\t\t\t\t\t\t\t\t\t\t\t\t<a href=\"https:\/\/www.unesco.org\/en\" target=\"_blank\">\n\t\t\t\t\t\t\t<img loading=\"lazy\" decoding=\"async\" width=\"300\" height=\"64\" src=\"https:\/\/resilienceconference.cip.org.pe\/wp-content\/uploads\/2019\/05\/UNESCO_logo_hor_blue-300x64.png\" class=\"attachment-medium size-medium\" alt=\"\" srcset=\"https:\/\/resilienceconference.cip.org.pe\/wp-content\/uploads\/2019\/05\/UNESCO_logo_hor_blue-300x64.png 300w, https:\/\/resilienceconference.cip.org.pe\/wp-content\/uploads\/2019\/05\/UNESCO_logo_hor_blue-1024x217.png 1024w, https:\/\/resilienceconference.cip.org.pe\/wp-content\/uploads\/2019\/05\/UNESCO_logo_hor_blue-768x163.png 768w, https:\/\/resilienceconference.cip.org.pe\/wp-content\/uploads\/2019\/05\/UNESCO_logo_hor_blue-1536x326.png 1536w, https:\/\/resilienceconference.cip.org.pe\/wp-content\/uploads\/2019\/05\/UNESCO_logo_hor_blue.png 1920w\" sizes=\"(max-width: 300px) 100vw, 300px\" \/>\t\t\t\t\t\t\t\t<\/a>\n\t\t\t\t\t\t\t\t\t\t\t\t\t\t\t<\/div>\n\t\t\t\t<\/div>\n\t\t\t\t\t<\/div>\n\t\t<\/div>\n\t\t\t\t<div class=\"elementor-column elementor-col-16 elementor-inner-column elementor-element elementor-element-9baaee9\" data-id=\"9baaee9\" data-element_type=\"column\">\n\t\t\t<div class=\"elementor-widget-wrap elementor-element-populated\">\n\t\t\t\t\t\t\t\t<div class=\"elementor-element elementor-element-d4338d7 elementor-widget elementor-widget-image\" data-id=\"d4338d7\" data-element_type=\"widget\" data-widget_type=\"image.default\">\n\t\t\t\t<div class=\"elementor-widget-container\">\n\t\t\t\t\t\t\t\t\t\t\t\t\t\t\t\t<a href=\"https:\/\/council.science\/\" target=\"_blank\">\n\t\t\t\t\t\t\t<img loading=\"lazy\" decoding=\"async\" width=\"1007\" height=\"289\" src=\"https:\/\/resilienceconference.cip.org.pe\/wp-content\/uploads\/2022\/03\/ISC_Logo_RGB_Lock-up-with-strapline_dark-blue-2.png\" class=\"attachment-full size-full\" alt=\"\" srcset=\"https:\/\/resilienceconference.cip.org.pe\/wp-content\/uploads\/2022\/03\/ISC_Logo_RGB_Lock-up-with-strapline_dark-blue-2.png 1007w, https:\/\/resilienceconference.cip.org.pe\/wp-content\/uploads\/2022\/03\/ISC_Logo_RGB_Lock-up-with-strapline_dark-blue-2-300x86.png 300w, https:\/\/resilienceconference.cip.org.pe\/wp-content\/uploads\/2022\/03\/ISC_Logo_RGB_Lock-up-with-strapline_dark-blue-2-768x220.png 768w\" sizes=\"(max-width: 1007px) 100vw, 1007px\" \/>\t\t\t\t\t\t\t\t<\/a>\n\t\t\t\t\t\t\t\t\t\t\t\t\t\t\t<\/div>\n\t\t\t\t<\/div>\n\t\t\t\t\t<\/div>\n\t\t<\/div>\n\t\t\t\t<div class=\"elementor-column elementor-col-16 elementor-inner-column elementor-element elementor-element-033fba9\" data-id=\"033fba9\" data-element_type=\"column\">\n\t\t\t<div class=\"elementor-widget-wrap elementor-element-populated\">\n\t\t\t\t\t\t\t\t<div class=\"elementor-element elementor-element-101fc78 elementor-widget elementor-widget-image\" data-id=\"101fc78\" data-element_type=\"widget\" data-widget_type=\"image.default\">\n\t\t\t\t<div class=\"elementor-widget-container\">\n\t\t\t\t\t\t\t\t\t\t\t\t\t\t\t\t<a href=\"https:\/\/www.asce.org\/\" target=\"_blank\">\n\t\t\t\t\t\t\t<img loading=\"lazy\" decoding=\"async\" width=\"1097\" height=\"424\" src=\"https:\/\/resilienceconference.cip.org.pe\/wp-content\/uploads\/2022\/03\/ASCE_logo_tagline_regmrk_RGB-1.jpg\" class=\"attachment-full size-full\" alt=\"\" srcset=\"https:\/\/resilienceconference.cip.org.pe\/wp-content\/uploads\/2022\/03\/ASCE_logo_tagline_regmrk_RGB-1.jpg 1097w, https:\/\/resilienceconference.cip.org.pe\/wp-content\/uploads\/2022\/03\/ASCE_logo_tagline_regmrk_RGB-1-300x116.jpg 300w, https:\/\/resilienceconference.cip.org.pe\/wp-content\/uploads\/2022\/03\/ASCE_logo_tagline_regmrk_RGB-1-1024x396.jpg 1024w, https:\/\/resilienceconference.cip.org.pe\/wp-content\/uploads\/2022\/03\/ASCE_logo_tagline_regmrk_RGB-1-768x297.jpg 768w\" sizes=\"(max-width: 1097px) 100vw, 1097px\" \/>\t\t\t\t\t\t\t\t<\/a>\n\t\t\t\t\t\t\t\t\t\t\t\t\t\t\t<\/div>\n\t\t\t\t<\/div>\n\t\t\t\t\t<\/div>\n\t\t<\/div>\n\t\t\t\t\t\t\t<\/div>\n\t\t<\/section>\n\t\t\t\t\t<\/div>\n\t\t<\/div>\n\t\t\t\t\t\t\t<\/div>\n\t\t<\/section>\n\t\t\t\t<section class=\"elementor-section elementor-top-section elementor-element elementor-element-9c6bba4 elementor-section-boxed elementor-section-height-default elementor-section-height-default\" data-id=\"9c6bba4\" data-element_type=\"section\">\n\t\t\t\t\t\t<div class=\"elementor-container elementor-column-gap-default\">\n\t\t\t\t\t<div class=\"elementor-column elementor-col-50 elementor-top-column elementor-element elementor-element-6f70f66\" data-id=\"6f70f66\" data-element_type=\"column\" data-settings=\"{&quot;background_background&quot;:&quot;classic&quot;}\">\n\t\t\t<div class=\"elementor-widget-wrap elementor-element-populated\">\n\t\t\t\t\t\t\t\t<div class=\"elementor-element elementor-element-0027524 elementor-widget elementor-widget-ova_heading\" data-id=\"0027524\" data-element_type=\"widget\" data-widget_type=\"ova_heading.default\">\n\t\t\t\t<div class=\"elementor-widget-container\">\n\t\t\t\t\t<div class=\"ova_heading\">\n\t\t\t\t\t\t\t<h1 class=\"heading_title second_font\">SOBRE WFEO-CDRM<\/h1>\n\t\t\t\t\t\t\t\t<\/div>\n\t\t\t\t<\/div>\n\t\t\t\t<\/div>\n\t\t\t\t\t<\/div>\n\t\t<\/div>\n\t\t\t\t<div class=\"elementor-column elementor-col-50 elementor-top-column elementor-element elementor-element-1749089\" data-id=\"1749089\" data-element_type=\"column\">\n\t\t\t<div class=\"elementor-widget-wrap elementor-element-populated\">\n\t\t\t\t\t\t\t\t<div class=\"elementor-element elementor-element-a86cad9 elementor-widget elementor-widget-text-editor\" data-id=\"a86cad9\" data-element_type=\"widget\" data-widget_type=\"text-editor.default\">\n\t\t\t\t<div class=\"elementor-widget-container\">\n\t\t\t<style>\/*! elementor - v3.6.1 - 23-03-2022 *\/\n.elementor-widget-text-editor.elementor-drop-cap-view-stacked .elementor-drop-cap{background-color:#818a91;color:#fff}.elementor-widget-text-editor.elementor-drop-cap-view-framed .elementor-drop-cap{color:#818a91;border:3px solid;background-color:transparent}.elementor-widget-text-editor:not(.elementor-drop-cap-view-default) .elementor-drop-cap{margin-top:8px}.elementor-widget-text-editor:not(.elementor-drop-cap-view-default) .elementor-drop-cap-letter{width:1em;height:1em}.elementor-widget-text-editor .elementor-drop-cap{float:left;text-align:center;line-height:1;font-size:50px}.elementor-widget-text-editor .elementor-drop-cap-letter{display:inline-block}<\/style>\t\t\t\t<p>La Federaci\u00f3n Mundial de Organizaciones de Ingenieros (FMOI) es una organizaci\u00f3n internacional no gubernamental que representa a la profesi\u00f3n de la ingenier\u00eda en todo el mundo. Fundada en 1968 por un grupo de organizaciones regionales de ingenieros, bajo los auspicios de la Organizaci\u00f3n de las Naciones Unidas para la Educaci\u00f3n, la Ciencia y la Cultura (UNESCO) en Par\u00eds, la FMOI re\u00fane a organizaciones nacionales de ingenieros de unos 100 pa\u00edses y representa a m\u00e1s de 30 millones de ingenieros de todo el mundo.<\/p><p>La FMOI representa a la ingenier\u00eda en los m\u00e1s altos niveles internacionales, en las Naciones Unidas y sus organismos conexos, es la Copresidencia del Grupo de Ciencia y Tecnolog\u00eda entre el Grupo Principal de Partes Interesadas en las Naciones Unidas. Es la Copresidencia del Grupo Principal de Ciencia y Tecnolog\u00eda en el Grupo Principal de Partes Interesadas en las Naciones Unidas.<\/p><p>Las actividades t\u00e9cnicas de la Federaci\u00f3n son llevadas a cabo por Comit\u00e9s T\u00e9cnicos Permanentes, que cubren \u00e1reas particulares de Ingenier\u00eda y Tecnolog\u00eda. Uno de estos comit\u00e9s es el Comit\u00e9 de Gesti\u00f3n del Riesgo de Desastres (CDRM).<\/p><p>El CDRM se cre\u00f3 en la Asamblea General de la FMOI celebrada en diciembre de 2009 en Kuwait. El comit\u00e9 fue acogido por el Consejo Cient\u00edfico de Jap\u00f3n y la Federaci\u00f3n Japonesa de Sociedades de Ingenier\u00eda (JFES) por un per\u00edodo de ocho a\u00f1os (2010-2017). Actualmente, la gesti\u00f3n del CDRM est\u00e1 a cargo del Colegio de Ingenieros del Per\u00fa (CIP) con sede en Lima, Per\u00fa.<\/p><p>El CDRM moviliza y coordina una red compuesta por ingenieros vinculados a los sectores p\u00fablico, privado y acad\u00e9mico de diferentes partes del mundo. Las actividades del CDRM se desarrollan para apoyar la implementaci\u00f3n de la iniciativa global de reducci\u00f3n del riesgo de desastres, el Marco de Sendai para la Reducci\u00f3n del Riesgo de Desastres 2015-2030 a trav\u00e9s de la ingenier\u00eda. Asimismo, el CDRM dirige sus esfuerzos a contribuir a los Objetivos de Desarrollo Sostenible (ODS).<\/p>\t\t\t\t\t\t<\/div>\n\t\t\t\t<\/div>\n\t\t\t\t\t<\/div>\n\t\t<\/div>\n\t\t\t\t\t\t\t<\/div>\n\t\t<\/section>\n\t\t\t\t<section class=\"elementor-section elementor-top-section elementor-element elementor-element-95afb55 elementor-section-boxed elementor-section-height-default elementor-section-height-default\" data-id=\"95afb55\" data-element_type=\"section\" data-settings=\"{&quot;background_background&quot;:&quot;classic&quot;}\">\n\t\t\t\t\t\t\t<div class=\"elementor-background-overlay\"><\/div>\n\t\t\t\t\t\t\t<div class=\"elementor-container elementor-column-gap-default\">\n\t\t\t\t\t<div class=\"elementor-column elementor-col-50 elementor-top-column elementor-element elementor-element-679d43c\" data-id=\"679d43c\" data-element_type=\"column\">\n\t\t\t<div class=\"elementor-widget-wrap elementor-element-populated\">\n\t\t\t\t\t\t\t\t<div class=\"elementor-element elementor-element-81b2ffc elementor-widget elementor-widget-image\" data-id=\"81b2ffc\" data-element_type=\"widget\" data-widget_type=\"image.default\">\n\t\t\t\t<div class=\"elementor-widget-container\">\n\t\t\t\t\t\t\t\t\t\t\t\t\t\t\t<img loading=\"lazy\" decoding=\"async\" width=\"300\" height=\"111\" src=\"https:\/\/resilienceconference.cip.org.pe\/wp-content\/uploads\/2022\/03\/zoomblanco-300x111.png\" class=\"attachment-medium size-medium\" alt=\"\" srcset=\"https:\/\/resilienceconference.cip.org.pe\/wp-content\/uploads\/2022\/03\/zoomblanco-300x111.png 300w, https:\/\/resilienceconference.cip.org.pe\/wp-content\/uploads\/2022\/03\/zoomblanco.png 420w\" sizes=\"(max-width: 300px) 100vw, 300px\" \/>\t\t\t\t\t\t\t\t\t\t\t\t\t\t\t<\/div>\n\t\t\t\t<\/div>\n\t\t\t\t\t<\/div>\n\t\t<\/div>\n\t\t\t\t<div class=\"elementor-column elementor-col-50 elementor-top-column elementor-element elementor-element-a451924\" data-id=\"a451924\" data-element_type=\"column\">\n\t\t\t<div class=\"elementor-widget-wrap elementor-element-populated\">\n\t\t\t\t\t\t\t\t<div class=\"elementor-element elementor-element-b08eb41 elementor-widget__width-auto elementor-align-center elementor-widget elementor-widget-button\" data-id=\"b08eb41\" data-element_type=\"widget\" data-widget_type=\"button.default\">\n\t\t\t\t<div class=\"elementor-widget-container\">\n\t\t\t\t\t<div class=\"elementor-button-wrapper\">\n\t\t\t<a href=\"https:\/\/asce-org.zoom.us\/j\/83042255660?pwd=VjlBdHVWc0J0MFExUldNSGVSZFozdz09\" class=\"elementor-button-link elementor-button elementor-size-sm\" role=\"button\">\n\t\t\t\t\t\t<span class=\"elementor-button-content-wrapper\">\n\t\t\t\t\t\t<span class=\"elementor-button-text\">JOIN ZOOM MEETING<\/span>\n\t\t<\/span>\n\t\t\t\t\t<\/a>\n\t\t<\/div>\n\t\t\t\t<\/div>\n\t\t\t\t<\/div>\n\t\t\t\t\t<\/div>\n\t\t<\/div>\n\t\t\t\t\t\t\t<\/div>\n\t\t<\/section>\n\t\t\t\t\t\t\t<\/div>\n\t\t","protected":false},"excerpt":{"rendered":"<p>Slide 1 \u00ab> Jueves 05 Mayo 2022, 7:30 am, hora de New YorkEvento Virtual CONFERENCIAINGENIER\u00cdA Y RESILIENCIA EN LA GESTI\u00d3N DEL RIESGO DE DESASTRES PARA EL DESARROLLO SOSTENIBLE SOBRE WFEO-CDRM La Federaci\u00f3n Mundial de Organizaciones de Ingenieros (FMOI) es una organizaci\u00f3n internacional no gubernamental que representa a la profesi\u00f3n de la ingenier\u00eda en todo el [&hellip;]<\/p>\n","protected":false},"author":1,"featured_media":0,"parent":0,"menu_order":0,"comment_status":"closed","ping_status":"closed","template":"elementor_header_footer","meta":{"footnotes":""},"_links":{"self":[{"href":"https:\/\/resilienceconference.cip.org.pe\/index.php?rest_route=\/wp\/v2\/pages\/7005"}],"collection":[{"href":"https:\/\/resilienceconference.cip.org.pe\/index.php?rest_route=\/wp\/v2\/pages"}],"about":[{"href":"https:\/\/resilienceconference.cip.org.pe\/index.php?rest_route=\/wp\/v2\/types\/page"}],"author":[{"embeddable":true,"href":"https:\/\/resilienceconference.cip.org.pe\/index.php?rest_route=\/wp\/v2\/users\/1"}],"replies":[{"embeddable":true,"href":"https:\/\/resilienceconference.cip.org.pe\/index.php?rest_route=%2Fwp%2Fv2%2Fcomments&post=7005"}],"version-history":[{"count":12,"href":"https:\/\/resilienceconference.cip.org.pe\/index.php?rest_route=\/wp\/v2\/pages\/7005\/revisions"}],"predecessor-version":[{"id":7025,"href":"https:\/\/resilienceconference.cip.org.pe\/index.php?rest_route=\/wp\/v2\/pages\/7005\/revisions\/7025"}],"wp:attachment":[{"href":"https:\/\/resilienceconference.cip.org.pe\/index.php?rest_route=%2Fwp%2Fv2%2Fmedia&parent=7005"}],"curies":[{"name":"wp","href":"https:\/\/api.w.org\/{rel}","templated":true}]}}